{"id":5587,"date":"2022-12-29T13:42:50","date_gmt":"2022-12-29T13:42:50","guid":{"rendered":"https:\/\/jaybee.tech\/impressum\/"},"modified":"2024-01-16T09:37:09","modified_gmt":"2024-01-16T09:37:09","slug":"impressum","status":"publish","type":"page","link":"https:\/\/jaybeeconsulting.ch\/de\/impressum\/","title":{"rendered":"IMPRESSUM"},"content":{"rendered":"\t\t<div data-elementor-type=\"wp-page\" data-elementor-id=\"5587\" class=\"elementor elementor-5587 elementor-957\" data-elementor-post-type=\"page\">\n\t\t\t\t\t\t<section class=\"elementor-section elementor-top-section elementor-element elementor-element-10b42802 elementor-section-boxed elementor-section-height-default elementor-section-height-default\" data-id=\"10b42802\" data-element_type=\"section\" data-e-type=\"section\">\n\t\t\t\t\t\t<div class=\"elementor-container elementor-column-gap-default\">\n\t\t\t\t\t<div class=\"elementor-column elementor-col-100 elementor-top-column elementor-element elementor-element-6e6fefad\" data-id=\"6e6fefad\" data-element_type=\"column\" data-e-type=\"column\">\n\t\t\t<div class=\"elementor-widget-wrap elementor-element-populated\">\n\t\t\t\t\t\t<div class=\"elementor-element elementor-element-10049a63 elementor-widget elementor-widget-heading\" data-id=\"10049a63\" data-element_type=\"widget\" data-e-type=\"widget\" data-widget_type=\"heading.default\">\n\t\t\t\t<div class=\"elementor-widget-container\">\n\t\t\t\t\t<h2 class=\"elementor-heading-title elementor-size-default\">Impressum<\/h2>\t\t\t\t<\/div>\n\t\t\t\t<\/div>\n\t\t\t\t\t<\/div>\n\t\t<\/div>\n\t\t\t\t\t<\/div>\n\t\t<\/section>\n\t\t\t\t<section class=\"elementor-section elementor-top-section elementor-element elementor-element-3cc836bf elementor-section-boxed elementor-section-height-default elementor-section-height-default\" data-id=\"3cc836bf\" data-element_type=\"section\" data-e-type=\"section\">\n\t\t\t\t\t\t<div class=\"elementor-container elementor-column-gap-default\">\n\t\t\t\t\t<div class=\"elementor-column elementor-col-100 elementor-top-column elementor-element elementor-element-5f5265ad\" data-id=\"5f5265ad\" data-element_type=\"column\" data-e-type=\"column\">\n\t\t\t<div class=\"elementor-widget-wrap elementor-element-populated\">\n\t\t\t\t\t\t<div class=\"elementor-element elementor-element-66ec2c3c elementor-widget elementor-widget-text-editor\" data-id=\"66ec2c3c\" data-element_type=\"widget\" data-e-type=\"widget\" data-widget_type=\"text-editor.default\">\n\t\t\t\t<div class=\"elementor-widget-container\">\n\t\t\t\t\t\t\t\t\t<h5>Verantwortlich f\u00fcr den Inhalt dieser Website<\/h5>\n<p>JayBee AG<br>J\u00fcrg Baltensperger<br>Industriestra\u00dfe 22<br>6300 Zug,&nbsp;<span style=\"font-family: var( --e-global-typography-text-font-family ), Sans-serif; font-size: 1rem;\">Schweiz<\/span><\/p>\n<div class=\"page\" title=\"Seite 6\">\n<div class=\"section\">\n<div class=\"layoutArea\">\n<div class=\"column\">\n<div class=\"page\" title=\"Seite 6\">\n<div class=\"section\">\n<div class=\"layoutArea\">\n<div class=\"column\">\n<p><a href=\"mailto:info@jaybeeconsulting.ch\">info@jaybeeconsulting.ch<\/a><\/p>\n<\/div>\n<\/div>\n<\/div>\n<\/div>\n<\/div>\n<\/div>\n<\/div>\n<\/div>\n<p>Telefon: +41 41 244 20 40<\/p>\n<p><\/p>\n<p>Mehrwertsteuer CHE-343.099.178 MWST.<\/p>\n<p>Handelsregister CH-020.3.045.254-5<\/p>\n<p><\/p>\n<p>UBS Schweiz AG<\/p>\n<p>IBAN: CH35 0020 6206 4994 5401 E<\/p>\n<p>BIC: UBSWCHZH80A<\/p>\n<p><\/p>\n<p><strong>Urheberrecht<\/strong><br>Das Copyright f\u00fcr alle Inhalte dieser Website liegt bei JayBee AG, J\u00fcrg Baltensperger.<\/p>\t\t\t\t\t\t\t\t<\/div>\n\t\t\t\t<\/div>\n\t\t\t\t\t<\/div>\n\t\t<\/div>\n\t\t\t\t\t<\/div>\n\t\t<\/section>\n\t\t\t\t<\/div>\n\t\t","protected":false},"excerpt":{"rendered":"<p>Impressum Verantwortlich f\u00fcr den Inhalt dieser Website JayBee AGJ\u00fcrg BaltenspergerIndustriestra\u00dfe 226300 Zug,&nbsp;Schweiz info@jaybeeconsulting.ch Telefon: +41 41 244 20 40 Mehrwertsteuer CHE-343.099.178 MWST. Handelsregister CH-020.3.045.254-5 UBS Schweiz AG IBAN: CH35 0020 6206 4994 5401 E BIC: UBSWCHZH80A UrheberrechtDas Copyright f\u00fcr alle Inhalte dieser Website liegt bei JayBee AG, J\u00fcrg Baltensperger.<\/p>\n","protected":false},"author":4,"featured_media":0,"parent":0,"menu_order":0,"comment_status":"closed","ping_status":"closed","template":"","meta":{"footnotes":""},"class_list":["post-5587","page","type-page","status-publish","hentry"],"_links":{"self":[{"href":"https:\/\/jaybeeconsulting.ch\/de\/wp-json\/wp\/v2\/pages\/5587","targetHints":{"allow":["GET"]}}],"collection":[{"href":"https:\/\/jaybeeconsulting.ch\/de\/wp-json\/wp\/v2\/pages"}],"about":[{"href":"https:\/\/jaybeeconsulting.ch\/de\/wp-json\/wp\/v2\/types\/page"}],"author":[{"embeddable":true,"href":"https:\/\/jaybeeconsulting.ch\/de\/wp-json\/wp\/v2\/users\/4"}],"replies":[{"embeddable":true,"href":"https:\/\/jaybeeconsulting.ch\/de\/wp-json\/wp\/v2\/comments?post=5587"}],"version-history":[{"count":9,"href":"https:\/\/jaybeeconsulting.ch\/de\/wp-json\/wp\/v2\/pages\/5587\/revisions"}],"predecessor-version":[{"id":6432,"href":"https:\/\/jaybeeconsulting.ch\/de\/wp-json\/wp\/v2\/pages\/5587\/revisions\/6432"}],"wp:attachment":[{"href":"https:\/\/jaybeeconsulting.ch\/de\/wp-json\/wp\/v2\/media?parent=5587"}],"curies":[{"name":"wp","href":"https:\/\/api.w.org\/{rel}","templated":true}]}}