{"id":5605,"date":"2022-12-06T18:03:34","date_gmt":"2022-12-06T18:03:34","guid":{"rendered":"https:\/\/jaybee.tech\/karriere\/"},"modified":"2026-01-20T14:57:11","modified_gmt":"2026-01-20T14:57:11","slug":"karriere","status":"publish","type":"page","link":"https:\/\/jaybeeconsulting.ch\/de\/karriere\/","title":{"rendered":"KARRIERE"},"content":{"rendered":"\t\t<div data-elementor-type=\"wp-page\" data-elementor-id=\"5605\" class=\"elementor elementor-5605 elementor-697\" data-elementor-post-type=\"page\">\n\t\t\t\t\t\t<section class=\"elementor-section elementor-top-section elementor-element elementor-element-8f2912c elementor-section-height-min-height elementor-section-boxed elementor-section-height-default elementor-section-items-middle\" data-id=\"8f2912c\" data-element_type=\"section\" data-e-type=\"section\" data-settings=\"{&quot;background_background&quot;:&quot;classic&quot;}\">\n\t\t\t\t\t\t\t<div class=\"elementor-background-overlay\"><\/div>\n\t\t\t\t\t\t\t<div class=\"elementor-container elementor-column-gap-default\">\n\t\t\t\t\t<div class=\"elementor-column elementor-col-100 elementor-top-column elementor-element elementor-element-3edb7d2\" data-id=\"3edb7d2\" data-element_type=\"column\" data-e-type=\"column\">\n\t\t\t<div class=\"elementor-widget-wrap elementor-element-populated\">\n\t\t\t\t\t\t<div class=\"elementor-element elementor-element-cb8dedf elementor-widget elementor-widget-heading\" data-id=\"cb8dedf\" data-element_type=\"widget\" data-e-type=\"widget\" data-widget_type=\"heading.default\">\n\t\t\t\t<div class=\"elementor-widget-container\">\n\t\t\t\t\t<h1 class=\"elementor-heading-title elementor-size-default\">Karriere<\/h1>\t\t\t\t<\/div>\n\t\t\t\t<\/div>\n\t\t\t\t\t<\/div>\n\t\t<\/div>\n\t\t\t\t\t<\/div>\n\t\t<\/section>\n\t\t\t\t<section class=\"elementor-section elementor-top-section elementor-element elementor-element-fbe9a7a elementor-section-boxed elementor-section-height-default elementor-section-height-default\" data-id=\"fbe9a7a\" data-element_type=\"section\" data-e-type=\"section\">\n\t\t\t\t\t\t<div class=\"elementor-container elementor-column-gap-default\">\n\t\t\t\t\t<div class=\"elementor-column elementor-col-100 elementor-top-column elementor-element elementor-element-a0113a4\" data-id=\"a0113a4\" data-element_type=\"column\" data-e-type=\"column\">\n\t\t\t<div class=\"elementor-widget-wrap elementor-element-populated\">\n\t\t\t\t\t\t<div class=\"elementor-element elementor-element-439238fd elementor-widget elementor-widget-heading\" data-id=\"439238fd\" data-element_type=\"widget\" data-e-type=\"widget\" data-widget_type=\"heading.default\">\n\t\t\t\t<div class=\"elementor-widget-container\">\n\t\t\t\t\t<h4 class=\"elementor-heading-title elementor-size-default\">At the right place\n<\/h4>\t\t\t\t<\/div>\n\t\t\t\t<\/div>\n\t\t\t\t\t<\/div>\n\t\t<\/div>\n\t\t\t\t\t<\/div>\n\t\t<\/section>\n\t\t\t\t<section class=\"elementor-section elementor-top-section elementor-element elementor-element-28ff938a elementor-section-boxed elementor-section-height-default elementor-section-height-default\" data-id=\"28ff938a\" data-element_type=\"section\" data-e-type=\"section\">\n\t\t\t\t\t\t<div class=\"elementor-container elementor-column-gap-default\">\n\t\t\t\t\t<div class=\"elementor-column elementor-col-50 elementor-top-column elementor-element elementor-element-7b4cd8f3\" data-id=\"7b4cd8f3\" data-element_type=\"column\" data-e-type=\"column\">\n\t\t\t<div class=\"elementor-widget-wrap elementor-element-populated\">\n\t\t\t\t\t\t<div class=\"elementor-element elementor-element-a041cac elementor-widget elementor-widget-heading\" data-id=\"a041cac\" data-element_type=\"widget\" data-e-type=\"widget\" data-widget_type=\"heading.default\">\n\t\t\t\t<div class=\"elementor-widget-container\">\n\t\t\t\t\t<h2 class=\"elementor-heading-title elementor-size-default\">Together we make an impact<\/h2>\t\t\t\t<\/div>\n\t\t\t\t<\/div>\n\t\t\t\t\t<\/div>\n\t\t<\/div>\n\t\t\t\t<div class=\"elementor-column elementor-col-50 elementor-top-column elementor-element elementor-element-6d402ac3\" data-id=\"6d402ac3\" data-element_type=\"column\" data-e-type=\"column\">\n\t\t\t<div class=\"elementor-widget-wrap elementor-element-populated\">\n\t\t\t\t\t\t<div class=\"elementor-element elementor-element-9d52284 elementor-widget elementor-widget-text-editor\" data-id=\"9d52284\" data-element_type=\"widget\" data-e-type=\"widget\" data-widget_type=\"text-editor.default\">\n\t\t\t\t<div class=\"elementor-widget-container\">\n\t\t\t\t\t\t\t\t\t<p>Bei JayBee arbeiten Sie mit internationalen Kunden zusammen und kooperieren mit f\u00fchrenden Fachleuten und Partnern in diesem Bereich. Wir nutzen die neuesten technologischen M\u00f6glichkeiten und bieten ein modernes Arbeitsumfeld, ein starkes Mentoring und viele M\u00f6glichkeiten zur beruflichen und pers\u00f6nlichen Weiterentwicklung.<\/p>\n<p>Ihr Beitrag z\u00e4hlt, Ihre Stimme hat Gewicht \u2013 und Sie werden wirklich etwas bewegen.<\/p>\t\t\t\t\t\t\t\t<\/div>\n\t\t\t\t<\/div>\n\t\t\t\t\t<\/div>\n\t\t<\/div>\n\t\t\t\t\t<\/div>\n\t\t<\/section>\n\t\t\t\t<section class=\"elementor-section elementor-top-section elementor-element elementor-element-363d4d51 elementor-section-boxed elementor-section-height-default elementor-section-height-default\" data-id=\"363d4d51\" data-element_type=\"section\" data-e-type=\"section\">\n\t\t\t\t\t\t<div class=\"elementor-container elementor-column-gap-default\">\n\t\t\t\t\t<div class=\"elementor-column elementor-col-100 elementor-top-column elementor-element elementor-element-5d35aff\" data-id=\"5d35aff\" data-element_type=\"column\" data-e-type=\"column\">\n\t\t\t<div class=\"elementor-widget-wrap elementor-element-populated\">\n\t\t\t\t\t\t<div class=\"elementor-element elementor-element-6cfaf6d7 elementor-widget elementor-widget-heading\" data-id=\"6cfaf6d7\" data-element_type=\"widget\" data-e-type=\"widget\" data-widget_type=\"heading.default\">\n\t\t\t\t<div class=\"elementor-widget-container\">\n\t\t\t\t\t<h4 class=\"elementor-heading-title elementor-size-default\">Arbeitsm\u00f6glichkeiten<\/h4>\t\t\t\t<\/div>\n\t\t\t\t<\/div>\n\t\t\t\t<div class=\"elementor-element elementor-element-40d6200e elementor-widget elementor-widget-heading\" data-id=\"40d6200e\" data-element_type=\"widget\" data-e-type=\"widget\" data-widget_type=\"heading.default\">\n\t\t\t\t<div class=\"elementor-widget-container\">\n\t\t\t\t\t<h2 class=\"elementor-heading-title elementor-size-default\">Joining a team of pioneers<\/h2>\t\t\t\t<\/div>\n\t\t\t\t<\/div>\n\t\t\t\t<section class=\"elementor-section elementor-inner-section elementor-element elementor-element-8279b0c elementor-section-boxed elementor-section-height-default elementor-section-height-default\" data-id=\"8279b0c\" data-element_type=\"section\" data-e-type=\"section\">\n\t\t\t\t\t\t<div class=\"elementor-container elementor-column-gap-default\">\n\t\t\t\t\t<div class=\"elementor-column elementor-col-100 elementor-inner-column elementor-element elementor-element-8dcb5e8\" data-id=\"8dcb5e8\" data-element_type=\"column\" data-e-type=\"column\">\n\t\t\t<div class=\"elementor-widget-wrap elementor-element-populated\">\n\t\t\t\t\t\t<div class=\"elementor-element elementor-element-930c49d elementor-widget elementor-widget-text-editor\" data-id=\"930c49d\" data-element_type=\"widget\" data-e-type=\"widget\" data-widget_type=\"text-editor.default\">\n\t\t\t\t<div class=\"elementor-widget-container\">\n\t\t\t\t\t\t\t\t\t<div id=\"join-widget\"><\/div>\n\n<script\n  defer\n  type=\"text\/javascript\"\n  data-mount-in=\"#join-widget\"\n  src=\"https:\/\/join.com\/api\/widget\/bundle\/eyJhbGciOiJIUzI1NiIsInR5cCI6IkpXVCJ9.eyJzZXR0aW5ncyI6eyJzaG93Q2F0ZWdvcnlGaWx0ZXIiOnRydWUsInNob3dMb2NhdGlvbkZpbHRlciI6dHJ1ZSwic2hvd0VtcGxveW1lbnRUeXBlRmlsdGVyIjp0cnVlLCJsYW5ndWFnZSI6ImRlIiwiam9ic1BlclBhZ2UiOjI1fSwiam9icyI6e30sImRlc2lnbiI6eyJzaG93TG9nbyI6dHJ1ZSwic2hvd0xvY2F0aW9uIjp0cnVlLCJzaG93RW1wbG95bWVudFR5cGUiOnRydWUsInNob3dDYXRlZ29yeSI6dHJ1ZSwiY29sb3JzIjp7IndpZGdldCI6eyJiYWNrZ3JvdW5kIjoiI0ZGRkZGRiIsImZpbHRlckJvcmRlciI6IiNENEQ0RDgiLCJwYWdpbmF0aW9uIjoiIzI1NjNFQiJ9LCJqb2JDYXJkIjp7InNoYWRvdyI6IiNENEQ0RDgiLCJiYWNrZ3JvdW5kIjoiI0ZGRkZGRiIsInByaW1hcnlUZXh0IjoiIzNGM0Y0NiIsInNlY29uZGFyeVRleHQiOiIjNTI1MjVCIn19fSwidmVyc2lvbiI6MiwiY29tcGFueVB1YmxpY0lkIjoiNmZkZGViNTUyZDViYWIwZDY3NDUwYWVjNWQxOGFiM2MiLCJpYXQiOjE3Njg5MjAzNDcsImp0aSI6ImFhNGE2OTNhLWJlNDctNDA4My1hZGRmLTA1YjQ3YzgzNDBmYSJ9.ETzB3gY7QcOUidVeDYobqOq6xCFBkDGtGq2OCB4m_e4\">\n<\/script>\t\t\t\t\t\t\t\t<\/div>\n\t\t\t\t<\/div>\n\t\t\t\t\t<\/div>\n\t\t<\/div>\n\t\t\t\t\t<\/div>\n\t\t<\/section>\n\t\t\t\t\t<\/div>\n\t\t<\/div>\n\t\t\t\t\t<\/div>\n\t\t<\/section>\n\t\t\t\t<section class=\"elementor-section elementor-top-section elementor-element elementor-element-48d7fdae elementor-section-height-min-height elementor-section-boxed elementor-section-height-default elementor-section-items-middle\" data-id=\"48d7fdae\" data-element_type=\"section\" data-e-type=\"section\" data-settings=\"{&quot;background_background&quot;:&quot;classic&quot;}\">\n\t\t\t\t\t\t\t<div class=\"elementor-background-overlay\"><\/div>\n\t\t\t\t\t\t\t<div class=\"elementor-container elementor-column-gap-default\">\n\t\t\t\t\t<div class=\"elementor-column elementor-col-100 elementor-top-column elementor-element elementor-element-3ccf034e\" data-id=\"3ccf034e\" data-element_type=\"column\" data-e-type=\"column\">\n\t\t\t<div class=\"elementor-widget-wrap elementor-element-populated\">\n\t\t\t\t\t\t<div class=\"elementor-element elementor-element-59b98d4c elementor-widget elementor-widget-heading\" data-id=\"59b98d4c\" data-element_type=\"widget\" data-e-type=\"widget\" data-settings=\"{&quot;motion_fx_motion_fx_scrolling&quot;:&quot;yes&quot;,&quot;motion_fx_devices&quot;:[&quot;desktop&quot;,&quot;tablet&quot;,&quot;mobile&quot;]}\" data-widget_type=\"heading.default\">\n\t\t\t\t<div class=\"elementor-widget-container\">\n\t\t\t\t\t<h2 class=\"elementor-heading-title elementor-size-default\">\"Es ist weniger wichtig, was wir tun, sondern warum wir es tun\".\n<\/h2>\t\t\t\t<\/div>\n\t\t\t\t<\/div>\n\t\t\t\t<div class=\"elementor-element elementor-element-79d02574 elementor-widget elementor-widget-text-editor\" data-id=\"79d02574\" data-element_type=\"widget\" data-e-type=\"widget\" data-widget_type=\"text-editor.default\">\n\t\t\t\t<div class=\"elementor-widget-container\">\n\t\t\t\t\t\t\t\t\t<p>J\u00fcrg Baltensperger<\/p>\t\t\t\t\t\t\t\t<\/div>\n\t\t\t\t<\/div>\n\t\t\t\t\t<\/div>\n\t\t<\/div>\n\t\t\t\t\t<\/div>\n\t\t<\/section>\n\t\t\t\t<section class=\"elementor-section elementor-top-section elementor-element elementor-element-104c4a35 elementor-section-boxed elementor-section-height-default elementor-section-height-default\" data-id=\"104c4a35\" data-element_type=\"section\" data-e-type=\"section\">\n\t\t\t\t\t\t<div class=\"elementor-container elementor-column-gap-default\">\n\t\t\t\t\t<div class=\"elementor-column elementor-col-100 elementor-top-column elementor-element elementor-element-4da0027a\" data-id=\"4da0027a\" data-element_type=\"column\" data-e-type=\"column\">\n\t\t\t<div class=\"elementor-widget-wrap elementor-element-populated\">\n\t\t\t\t\t\t<div class=\"elementor-element elementor-element-6f7b2635 elementor-widget elementor-widget-heading\" data-id=\"6f7b2635\" data-element_type=\"widget\" data-e-type=\"widget\" data-widget_type=\"heading.default\">\n\t\t\t\t<div class=\"elementor-widget-container\">\n\t\t\t\t\t<h4 class=\"elementor-heading-title elementor-size-default\">Begleiten Sie uns auf unserer Reise.<\/h4>\t\t\t\t<\/div>\n\t\t\t\t<\/div>\n\t\t\t\t<div class=\"elementor-element elementor-element-4c7c0183 elementor-widget elementor-widget-heading\" data-id=\"4c7c0183\" data-element_type=\"widget\" data-e-type=\"widget\" data-widget_type=\"heading.default\">\n\t\t\t\t<div class=\"elementor-widget-container\">\n\t\t\t\t\t<h2 class=\"elementor-heading-title elementor-size-default\">Bewerben und etwas bewirken<\/h2>\t\t\t\t<\/div>\n\t\t\t\t<\/div>\n\t\t\t\t\t<\/div>\n\t\t<\/div>\n\t\t\t\t\t<\/div>\n\t\t<\/section>\n\t\t\t\t<section class=\"elementor-section elementor-top-section elementor-element elementor-element-0e443b3 elementor-section-boxed elementor-section-height-default elementor-section-height-default\" data-id=\"0e443b3\" data-element_type=\"section\" data-e-type=\"section\">\n\t\t\t\t\t\t<div class=\"elementor-container elementor-column-gap-default\">\n\t\t\t\t\t<div class=\"elementor-column elementor-col-100 elementor-top-column elementor-element elementor-element-75e6f1d\" data-id=\"75e6f1d\" data-element_type=\"column\" data-e-type=\"column\">\n\t\t\t<div class=\"elementor-widget-wrap elementor-element-populated\">\n\t\t\t\t\t\t<div class=\"elementor-element elementor-element-d59e9ca elementor-widget elementor-widget-text-editor\" data-id=\"d59e9ca\" data-element_type=\"widget\" data-e-type=\"widget\" data-widget_type=\"text-editor.default\">\n\t\t\t\t<div class=\"elementor-widget-container\">\n\t\t\t\t\t\t\t\t\t<p>Initiativ- und Direktbewerbungen richten Sie bitte mit Lebenslauf und Bewerbungsschreiben an: juerg.baltensperger@jaybeeconsulting.ch<\/p>\t\t\t\t\t\t\t\t<\/div>\n\t\t\t\t<\/div>\n\t\t\t\t\t<\/div>\n\t\t<\/div>\n\t\t\t\t\t<\/div>\n\t\t<\/section>\n\t\t\t\t<\/div>\n\t\t","protected":false},"excerpt":{"rendered":"<p>Karriere At the right place Together we make an impact Bei JayBee arbeiten Sie mit internationalen Kunden zusammen und kooperieren mit f\u00fchrenden Fachleuten und Partnern in diesem Bereich. Wir nutzen die neuesten technologischen M\u00f6glichkeiten und bieten ein modernes Arbeitsumfeld, ein starkes Mentoring und viele M\u00f6glichkeiten zur beruflichen und pers\u00f6nlichen Weiterentwicklung. Ihr Beitrag z\u00e4hlt, Ihre Stimme [&hellip;]<\/p>\n","protected":false},"author":4,"featured_media":0,"parent":0,"menu_order":0,"comment_status":"closed","ping_status":"closed","template":"","meta":{"footnotes":""},"class_list":["post-5605","page","type-page","status-publish","hentry"],"_links":{"self":[{"href":"https:\/\/jaybeeconsulting.ch\/de\/wp-json\/wp\/v2\/pages\/5605","targetHints":{"allow":["GET"]}}],"collection":[{"href":"https:\/\/jaybeeconsulting.ch\/de\/wp-json\/wp\/v2\/pages"}],"about":[{"href":"https:\/\/jaybeeconsulting.ch\/de\/wp-json\/wp\/v2\/types\/page"}],"author":[{"embeddable":true,"href":"https:\/\/jaybeeconsulting.ch\/de\/wp-json\/wp\/v2\/users\/4"}],"replies":[{"embeddable":true,"href":"https:\/\/jaybeeconsulting.ch\/de\/wp-json\/wp\/v2\/comments?post=5605"}],"version-history":[{"count":49,"href":"https:\/\/jaybeeconsulting.ch\/de\/wp-json\/wp\/v2\/pages\/5605\/revisions"}],"predecessor-version":[{"id":9760,"href":"https:\/\/jaybeeconsulting.ch\/de\/wp-json\/wp\/v2\/pages\/5605\/revisions\/9760"}],"wp:attachment":[{"href":"https:\/\/jaybeeconsulting.ch\/de\/wp-json\/wp\/v2\/media?parent=5605"}],"curies":[{"name":"wp","href":"https:\/\/api.w.org\/{rel}","templated":true}]}}