{"id":5633,"date":"2023-04-13T11:14:50","date_gmt":"2023-04-13T11:14:50","guid":{"rendered":"https:\/\/jaybee.tech\/haftungsausschluss\/"},"modified":"2024-01-16T09:37:08","modified_gmt":"2024-01-16T09:37:08","slug":"haftungsausschluss","status":"publish","type":"page","link":"https:\/\/jaybeeconsulting.ch\/de\/haftungsausschluss\/","title":{"rendered":"Haftungsausschluss"},"content":{"rendered":"\t\t<div data-elementor-type=\"wp-page\" data-elementor-id=\"5633\" class=\"elementor elementor-5633 elementor-2092\" data-elementor-post-type=\"page\">\n\t\t\t\t\t\t<section class=\"elementor-section elementor-top-section elementor-element elementor-element-5a67623 elementor-section-boxed elementor-section-height-default elementor-section-height-default\" data-id=\"5a67623\" data-element_type=\"section\" data-e-type=\"section\">\n\t\t\t\t\t\t<div class=\"elementor-container elementor-column-gap-default\">\n\t\t\t\t\t<div class=\"elementor-column elementor-col-100 elementor-top-column elementor-element elementor-element-d864cd9\" data-id=\"d864cd9\" data-element_type=\"column\" data-e-type=\"column\">\n\t\t\t<div class=\"elementor-widget-wrap elementor-element-populated\">\n\t\t\t\t\t\t<div class=\"elementor-element elementor-element-fa0cf0e elementor-widget elementor-widget-heading\" data-id=\"fa0cf0e\" data-element_type=\"widget\" data-e-type=\"widget\" data-widget_type=\"heading.default\">\n\t\t\t\t<div class=\"elementor-widget-container\">\n\t\t\t\t\t<h2 class=\"elementor-heading-title elementor-size-default\">Haftungsausschluss<\/h2>\t\t\t\t<\/div>\n\t\t\t\t<\/div>\n\t\t\t\t<div class=\"elementor-element elementor-element-f71c300 elementor-widget elementor-widget-text-editor\" data-id=\"f71c300\" data-element_type=\"widget\" data-e-type=\"widget\" data-widget_type=\"text-editor.default\">\n\t\t\t\t<div class=\"elementor-widget-container\">\n\t\t\t\t\t\t\t\t\t<p><strong>A | Nutzungsbedingungen<\/strong><\/p>\n<p>Diese Bedingungen regeln die Nutzung der von der JayBee AG betriebenen Website. Die Nutzungsbedingungen k\u00f6nnen jederzeit und ohne vorherige Ank\u00fcndigung ge\u00e4ndert werden. Bitte lesen Sie die Bedingungen sorgf\u00e4ltig durch, denn mit der Nutzung der Website erkl\u00e4ren Sie sich mit diesen Nutzungsbedingungen einverstanden.<\/p>\n<p><strong>B | Haftungsausschluss<\/strong><\/p>\n<p>Die Inhalte unserer Website werden mit gr\u00f6\u00dftm\u00f6glicher Sorgfalt erstellt. Die JayBee AG \u00fcbernimmt jedoch keine Gew\u00e4hr f\u00fcr die Richtigkeit, Vollst\u00e4ndigkeit und Aktualit\u00e4t der Inhalte der Website. Die Website ist ein unverbindliches Informationsangebot \u00fcber Produkte und Dienstleistungen der JayBee AG, das jederzeit ohne vorherige Ank\u00fcndigung ge\u00e4ndert werden kann. Alle Gew\u00e4hrleistungen sind ausgeschlossen, einschlie\u00dflich der Gew\u00e4hrleistung der Eignung f\u00fcr einen bestimmten Zweck. Die JayBee AG haftet nicht f\u00fcr Folgen, die sich aus Handlungen ergeben, die unter Bezugnahme auf die auf dieser Website bereitgestellten Informationen vorgenommen werden. Die Nutzung dieser Website erfolgt auf Ihr eigenes Risiko; alle damit verbundenen Kosten sind von Ihnen zu tragen.<\/p>\n<p><strong>C | Externe Links<\/strong><\/p>\n<p>Unser Angebot enth\u00e4lt Links zu externen Webseiten Dritter (sog. &#8222;externe Links&#8220;), auf deren Inhalte wir keinen Einfluss haben. Externe Links werden ausschlie\u00dflich als Service f\u00fcr Sie bereitgestellt. Wir haben keinen Einfluss auf den Inhalt dieser Websites und k\u00f6nnen daher auch keine Haftung f\u00fcr den Inhalt dieser Websites \u00fcbernehmen. F\u00fcr die Inhalte der verlinkten Seiten ist stets der jeweilige Anbieter oder Betreiber der Seiten verantwortlich. Die Nutzung von externen Links erfolgt auf eigene Gefahr.<\/p>\n<p>Das Setzen von externen Links bedeutet nicht, dass wir uns die hinter dem Verweis oder Link liegenden Inhalte zu Eigen machen. Eine st\u00e4ndige Kontrolle der externen Links ist f\u00fcr uns ohne konkrete Hinweise auf Rechtsverst\u00f6\u00dfe nicht zumutbar. Bei Kenntnisnahme von Rechtsverst\u00f6\u00dfen werden wir derartige externe Links jedoch unverz\u00fcglich l\u00f6schen. Deeplinking oder Framing der Website oder andere Techniken, durch die unsere Website (oder Teile davon) in Websites Dritter &#8211; in welcher Form auch immer &#8211; eingebunden werden, sind ohne unsere vorherige schriftliche Zustimmung nicht gestattet.<\/p>\n<p><strong>D | Geistiges Eigentum<\/strong><\/p>\n<p>Der gesamte Inhalt (Texte, Grafiken, Bilder, etc.) und die Struktur der Website ist geistiges Eigentum der JayBee AG oder der im Impressum aufgef\u00fchrten Partner und ist durch das schweizerische Urheberrecht gesch\u00fctzt. Das vollst\u00e4ndige oder teilweise Reproduzieren, Verbreiten, Modifizieren, Verkn\u00fcpfen oder Benutzen f\u00fcr kommerzielle oder \u00f6ffentliche Zwecke und jede Art der Verwertung au\u00dferhalb der Grenzen des Urheberrechts bedarf unserer vorherigen schriftlichen Zustimmung oder der Zustimmung der im Impressum genannten Partner.<\/p>\n<p>Der Inhalt dieser Website darf nur f\u00fcr private, nichtkommerzielle Zwecke genutzt werden. Die unerlaubte Vervielf\u00e4ltigung oder Weitergabe einzelner Inhalte oder kompletter Seiten ist nicht gestattet und strafbar.<\/p>\n<p>Durch diese Website wird keine Lizenz zur Nutzung des geistigen Eigentums von Dritten erteilt.<\/p>\n\t\t\t\t\t\t\t\t<\/div>\n\t\t\t\t<\/div>\n\t\t\t\t\t<\/div>\n\t\t<\/div>\n\t\t\t\t\t<\/div>\n\t\t<\/section>\n\t\t\t\t<\/div>\n\t\t","protected":false},"excerpt":{"rendered":"<p>Haftungsausschluss A | Nutzungsbedingungen Diese Bedingungen regeln die Nutzung der von der JayBee AG betriebenen Website. Die Nutzungsbedingungen k\u00f6nnen jederzeit und ohne vorherige Ank\u00fcndigung ge\u00e4ndert werden. Bitte lesen Sie die Bedingungen sorgf\u00e4ltig durch, denn mit der Nutzung der Website erkl\u00e4ren Sie sich mit diesen Nutzungsbedingungen einverstanden. B | Haftungsausschluss Die Inhalte unserer Website werden mit [&hellip;]<\/p>\n","protected":false},"author":4,"featured_media":0,"parent":0,"menu_order":0,"comment_status":"closed","ping_status":"closed","template":"","meta":{"footnotes":""},"class_list":["post-5633","page","type-page","status-publish","hentry"],"_links":{"self":[{"href":"https:\/\/jaybeeconsulting.ch\/de\/wp-json\/wp\/v2\/pages\/5633","targetHints":{"allow":["GET"]}}],"collection":[{"href":"https:\/\/jaybeeconsulting.ch\/de\/wp-json\/wp\/v2\/pages"}],"about":[{"href":"https:\/\/jaybeeconsulting.ch\/de\/wp-json\/wp\/v2\/types\/page"}],"author":[{"embeddable":true,"href":"https:\/\/jaybeeconsulting.ch\/de\/wp-json\/wp\/v2\/users\/4"}],"replies":[{"embeddable":true,"href":"https:\/\/jaybeeconsulting.ch\/de\/wp-json\/wp\/v2\/comments?post=5633"}],"version-history":[{"count":3,"href":"https:\/\/jaybeeconsulting.ch\/de\/wp-json\/wp\/v2\/pages\/5633\/revisions"}],"predecessor-version":[{"id":8086,"href":"https:\/\/jaybeeconsulting.ch\/de\/wp-json\/wp\/v2\/pages\/5633\/revisions\/8086"}],"wp:attachment":[{"href":"https:\/\/jaybeeconsulting.ch\/de\/wp-json\/wp\/v2\/media?parent=5633"}],"curies":[{"name":"wp","href":"https:\/\/api.w.org\/{rel}","templated":true}]}}