{"id":5797,"date":"2023-04-13T11:18:39","date_gmt":"2023-04-13T11:18:39","guid":{"rendered":"https:\/\/jaybee.tech\/datenschutzbestimmungen\/"},"modified":"2025-01-28T08:41:11","modified_gmt":"2025-01-28T08:41:11","slug":"datenschutzbestimmungen","status":"publish","type":"page","link":"https:\/\/jaybeeconsulting.ch\/de\/datenschutzbestimmungen\/","title":{"rendered":"Datenschutzbestimmungen"},"content":{"rendered":"\t\t<div data-elementor-type=\"wp-page\" data-elementor-id=\"5797\" class=\"elementor elementor-5797 elementor-2103\" data-elementor-post-type=\"page\">\n\t\t\t\t\t\t<section class=\"elementor-section elementor-top-section elementor-element elementor-element-5576e4a elementor-section-boxed elementor-section-height-default elementor-section-height-default\" data-id=\"5576e4a\" data-element_type=\"section\" data-e-type=\"section\">\n\t\t\t\t\t\t<div class=\"elementor-container elementor-column-gap-default\">\n\t\t\t\t\t<div class=\"elementor-column elementor-col-100 elementor-top-column elementor-element elementor-element-623b81f\" data-id=\"623b81f\" data-element_type=\"column\" data-e-type=\"column\">\n\t\t\t<div class=\"elementor-widget-wrap elementor-element-populated\">\n\t\t\t\t\t\t<div class=\"elementor-element elementor-element-a367735 elementor-widget elementor-widget-heading\" data-id=\"a367735\" data-element_type=\"widget\" data-e-type=\"widget\" data-widget_type=\"heading.default\">\n\t\t\t\t<div class=\"elementor-widget-container\">\n\t\t\t\t\t<h2 class=\"elementor-heading-title elementor-size-default\">Datenschutzbestimmungen<\/h2>\t\t\t\t<\/div>\n\t\t\t\t<\/div>\n\t\t\t\t<div class=\"elementor-element elementor-element-01429e2 elementor-widget elementor-widget-text-editor\" data-id=\"01429e2\" data-element_type=\"widget\" data-e-type=\"widget\" data-widget_type=\"text-editor.default\">\n\t\t\t\t<div class=\"elementor-widget-container\">\n\t\t\t\t\t\t\t\t\t<h2>Einf\u00fchrung<\/h2>\n<p><span lang=\"FR-CH\">Wir, die JayBee AG (nachfolgend &#8222;JayBee&#8220; \/ &#8222;wir&#8220;), nehmen den Schutz Ihrer pers\u00f6nlichen Daten ernst und m\u00f6chten Sie im Folgenden mit dieser Datenschutzerkl\u00e4rung \u00fcber den Datenschutz in unserem Unternehmen informieren.<\/span><\/p>\n<p>Durch die Einf\u00fchrung der Europ\u00e4ischen Datenschutzgrundverordnung (nachfolgend &#8222;EU-GDPR&#8220;) haben wir im Rahmen unserer datenschutzrechtlichen Verantwortlichkeiten zus\u00e4tzliche Pflichten zur Sicherstellung des Schutzes personenbezogener Daten der betroffenen Person erhalten.<\/p>\n<p>Soweit wir allein oder gemeinsam mit anderen \u00fcber die Zwecke und Mittel der Datenverarbeitung entscheiden, umfasst dies insbesondere die Verpflichtung, Sie transparent \u00fcber Art, Umfang, Zweck, Dauer und Rechtsgrundlage der Verarbeitung zu informieren (vgl. Art. 13 und 14 EU-DSGVO). Mit dieser Datenschutzerkl\u00e4rung informieren wir Sie dar\u00fcber, wie Ihre personenbezogenen Daten von uns verarbeitet werden.<\/p>\n<p><span lang=\"FR-CH\">Unsere Datenschutzpolitik ist modular aufgebaut. Sie besteht aus einem allgemeinen Teil f\u00fcr jede Verarbeitung personenbezogener Daten und aus Verarbeitungssituationen, die bei jedem Aufruf einer Webseite zum Tragen kommen (<\/span><span lang=\"FR-CH\">A<\/span><span lang=\"FR-CH\">. Allgemeines) und einen speziellen Teil, dessen Inhalt sich nur auf die dort mit der Bezeichnung des jeweiligen Angebots oder Produkts angegebenen Verarbeitungssituationen bezieht, insbesondere den Besuch unserer Website, wie hier n\u00e4her beschrieben (<\/span><span lang=\"FR-CH\">B<\/span><span lang=\"FR-CH\">. Besuch der Website) sowie die Datenverarbeitungsvorg\u00e4nge (<\/span><span lang=\"FR-CH\">C<\/span><span lang=\"FR-CH\">.-<\/span><span lang=\"FR-CH\">H<\/span><span lang=\"FR-CH\">.).<\/span><\/p>\n<h2>Lieferanten<\/h2><h2><span style=\"color: inherit; font-family: inherit; font-size: 2rem;\">Datenschutzinformation<\/span><\/h2>\n<p>Datenschutzinformationen gem\u00e4ss Art. 19 Bundesgesetz \u00fcber den Datenschutz (DSG) vom 25. September 2020<\/p>\n<p>Ausgearbeitet am: 01.11.2023<br>Letzte Aktualisierung: 01.11.2023<\/p>\n<h2>Identit\u00e4t und Kontaktdaten des Verantwortlichen<\/h2>\n<p>JayBee AG, Industriestrasse 22, 6300 Zug, Telefon: +41 41 244 20 40, E-Mail: info@jaybeeconsulting.ch<\/p>\n<h2>Bearbeitungszweck<\/h2>\n<p>F\u00fcr die:<\/p>\n<ul>\n<li>Bestellung von Produkten und Dienstleistungen<\/li>\n<li>F\u00fchrung der Buchhaltung<\/li>\n<li>Dokumentablage und weiteren Administrationsarbeiten<\/li>\n<li>Geltendmachung von Anspr\u00fcchen<\/li>\n<\/ul>\n<p>bearbeiten wir Ihre Personendaten.<\/p>\n<p>Dabei handelt es sich um folgende Datenkategorien:<\/p>\n<ul>\n<li>Kontaktdaten (Firma, Vorname, Nachname, Adresse, E-Mail, Telefonnummer)<\/li>\n<li>Identifikationsdaten (Unterschrift)<\/li>\n<li>Informationen zu bestellten Produkten und Dienstleistungen<\/li>\n<li>Vertragsinhalt und vereinbarte Konditionen<\/li>\n<li>Bank- und Zahlungsdaten<\/li>\n<li>sonstige Daten, die Sie uns im Rahmen der Abwicklung der Vertragsbeziehung bzw. im Rahmen einer Vertragsanbahnung freiwillig \u00fcberlassen.<\/li>\n<\/ul>\n<p>Die Bearbeitung der Daten ist f\u00fcr die Erf\u00fcllung der oben genannten Zwecke zwingend erforderlich.<\/p>\n<h2>Kategorien von Empf\u00e4ngern<\/h2>\n<p>Folgenden Kategorien von Empf\u00e4ngern werden die Personendaten bekanntgegeben:<\/p>\n<ul>\n<li>Anbieter von Softwarel\u00f6sungen<\/li>\n<li>IT-Dienstleister<\/li>\n<li>Subdienstleister<\/li>\n<\/ul>\n<p>Alle Empf\u00e4nger wurden sorgf\u00e4ltig ausgew\u00e4hlt und gem\u00e4ss Art 9 DSG vertraglich beauftragt. Sie sind an unsere Weisungen gebunden, verf\u00fcgen \u00fcber geeignete technische und organisatorische Massnahmen und werden regelm\u00e4ssig \u00fcberpr\u00fcft.<\/p>\n<p>Dar\u00fcber hinaus kann eine Weitergabe bei beh\u00f6rdlichen Anfragen oder Rechtsverfahren erfolgen, wenn dies zwingend erforderlich ist.<\/p>\n<h2>Speicherdauer<\/h2>\n<p>Ihre Daten werden mindestens so lange gespeichert, wie es f\u00fcr die Erreichung der vorgenannten Zwecke erforderlich sind und wir zur Aufbewahrung gesetzlich oder vertraglich verpflichtet sind.<\/p>\n<h2>Bekanntgabe von Personendaten im Ausland<\/h2>\n<p>Bei der Bearbeitung Ihrer Daten k\u00f6nnen diese auch ins Ausland \u00fcbermittelt werden, z.B.<\/p>\n<ul>\n<li>F\u00fcr die Nutzung von Cloud-L\u00f6sungen<\/li>\n<\/ul>\n<p>Ihre Daten k\u00f6nnen daher weltweit bearbeitet werden, auch ausserhalb der Schweiz oder der EU bzw. des Europ\u00e4ischen Wirtschaftsraums (d.h. auch in sogenannten Drittstaaten). Wir treffen deshalb die gesetzlich geforderten Massnahmen, um das Risiko staatlicher, durch ausl\u00e4ndische Gesetzgebung autorisierter Zugriffe im Ausland zu reduzieren.<\/p>\n<h2>Ihre Rechte<\/h2>\n<p>Sie haben das Recht, jederzeit unentgeltlich Auskunft \u00fcber die Bearbeitung Ihrer personenbezogenen Daten zu verlangen. Weitere Rechte wie das Recht auf Datenl\u00f6schung, Datenberichtigung, Einschr\u00e4nkung der Datenbearbeitung und das Recht auf Daten\u00fcbertragung bestehen im gesetzlich vorgeschriebenen Rahmen.<\/p>\n<p>Zudem verf\u00fcgen Sie \u00fcber ein Beschwerderecht bei einer zust\u00e4ndigen Aufsichtsbeh\u00f6rde. Die zust\u00e4ndige Aufsichtsbeh\u00f6rde f\u00fcr den Datenschutz in der Schweiz ist der Eidgen\u00f6ssische Datenschutz- und \u00d6ffentlichkeitsbeauftragte (ED\u00d6B).<\/p>\n<h2>Aus\u00fcbung der Rechte<\/h2>\n<p>F\u00fcr die Aus\u00fcbung Ihrer Rechte kontaktieren Sie uns bitte per E-Mail oder Post. Wir werden Ihnen fristgerecht antworten.<\/p>\n<div class=\"footer\">\n<p>Hinweis: Diese Datenschutzerkl\u00e4rung kann sich aufgrund von neu erlassenen Bestimmungen des Bundesrates sowie Empfehlungen des ED\u00d6B jederzeit \u00e4ndern. Deshalb ist es geboten, dass Sie diese Erkl\u00e4rung gelegentlich auf Aktualisierungen pr\u00fcfen.<\/p>\n<p>JayBee AG<\/p>\n<\/div>\n<div class=\"header\">\n<h2>Bewerber*innen<\/h2>\n<\/div>\n<h2>Datenschutzinformation<\/h2>\n<p>Datenschutzinformationen gem\u00e4ss Art. 19 Bundesgesetz \u00fcber den Datenschutz (DSG) vom 25. September 2020<\/p>\n<p>Ausgearbeitet am: 01.11.2023<br>Letzte Aktualisierung: 01.11.2023<\/p>\n<h2>Identit\u00e4t und Kontaktdaten des Verantwortlichen<\/h2>\n<p>JayBee AG, Industriestrasse 22, 6300 Zug, Telefon: +41 41 244 20 40, E-Mail: info@jaybeeconsulting.ch<\/p>\n<h2>Bearbeitungszweck<\/h2>\n<p>F\u00fcr die:<\/p>\n<ul>\n<li>Auswahl der Mitarbeitenden<\/li>\n<\/ul>\n<p>bearbeiten wir Ihre Personendaten.<\/p>\n<p>Dabei handelt es sich um folgende Datenkategorien:<\/p>\n<ul>\n<li>Kontaktdaten (Name, Adresse, Telefonnummer und E-Mail-Adresse)<\/li>\n<li>Identifikationsdaten (Reisepass, Aufenthaltsbewilligung, Unterschrift)<\/li>\n<li>Schulbildung, Arbeitserfahrung und weitere Informationen aus dem Lebenslauf<\/li>\n<li>Informationen zum gew\u00fcnschten Anstellungsverh\u00e4ltnis<\/li>\n<li>sonstige Daten, die Sie uns im Rahmen der Abwicklung des Bewerbungsverfahrens freiwillig \u00fcberlassen.<\/li>\n<\/ul>\n<p>Die Bearbeitung der Daten ist f\u00fcr die Personalauswahl zwingend erforderlich.<\/p>\n<p>Sollte es zus\u00e4tzlich erforderlich sein besonders sch\u00fctzenswerte Personendaten gem\u00e4\u00df Art. 5 DSG zu bearbeiten (z.B. religi\u00f6se oder weltanschauliche Ansichten, Gesundheitsdaten) werden wir Ihre Einwilligung gem\u00e4\u00df Art. 6 DSG einholen.<\/p>\n<h2>Kategorien von Empf\u00e4ngern<\/h2>\n<p>Folgenden Kategorien von Empf\u00e4ngern werden die Personendaten bekanntgegeben:<\/p>\n<ul>\n<li>IT-Dienstleister, die Zugang zu unserem Computersystem haben<\/li>\n<\/ul>\n<p>Alle Empf\u00e4nger wurden sorgf\u00e4ltig ausgew\u00e4hlt und gem\u00e4ss Art 9 DSG vertraglich beauftragt. Sie sind an unsere Weisungen gebunden, verf\u00fcgen \u00fcber geeignete technische und organisatorische Massnahmen und werden regelm\u00e4ssig \u00fcberpr\u00fcft.<\/p>\n<p>Dar\u00fcber hinaus kann eine Weitergabe bei beh\u00f6rdlichen Anfragen oder Rechtsverfahren erfolgen, wenn dies zwingend erforderlich ist.<\/p>\n<h2>Speicherdauer<\/h2>\n<p>Ihre Daten werden mindestens so lange gespeichert, wie es f\u00fcr die Erreichung der vorgenannten Zwecke erforderlich sind und wir zur Aufbewahrung gesetzlich oder vertraglich verpflichtet sind.<\/p>\n<h2>Bekanntgabe von Personendaten im Ausland<\/h2>\n<p>Bei der Bearbeitung Ihrer Daten k\u00f6nnen diese auch ins Ausland \u00fcbermittelt werden, z.B.<\/p>\n<ul>\n<li>F\u00fcr die Nutzung von Cloud-L\u00f6sungen<\/li>\n<\/ul>\n<p>Ihre Daten k\u00f6nnen daher weltweit bearbeitet werden, auch ausserhalb der Schweiz oder der EU bzw. des Europ\u00e4ischen Wirtschaftsraums (d.h. auch in sogenannten Drittstaaten). Wir treffen deshalb die gesetzlich geforderten Massnahmen, um das Risiko staatlicher, durch ausl\u00e4ndische Gesetzgebung autorisierter Zugriffe im Ausland zu reduzieren.<\/p>\n<h2>Ihre Rechte<\/h2>\n<p>Sie haben das Recht, jederzeit unentgeltlich Auskunft \u00fcber die Bearbeitung Ihrer personenbezogenen Daten zu verlangen. Weitere Rechte wie das Recht auf Datenl\u00f6schung, Datenberichtigung, Einschr\u00e4nkung der Datenbearbeitung und das Recht auf Daten\u00fcbertragung bestehen im gesetzlich vorgeschriebenen Rahmen.<\/p>\n<p>Zudem verf\u00fcgen Sie \u00fcber ein Beschwerderecht bei einer zust\u00e4ndigen Aufsichtsbeh\u00f6rde. Die zust\u00e4ndige Aufsichtsbeh\u00f6rde f\u00fcr den Datenschutz in der Schweiz ist der Eidgen\u00f6ssische Datenschutz- und \u00d6ffentlichkeitsbeauftragte (ED\u00d6B).<\/p>\n<h2>Aus\u00fcbung der Rechte<\/h2>\n<p>F\u00fcr die Aus\u00fcbung Ihrer Rechte kontaktieren Sie uns bitte per E-Mail oder Telefon. Wir werden Ihnen fristgerecht antworten.<\/p>\n<div class=\"footer\">\n<p>Hinweis: Diese Datenschutzerkl\u00e4rung kann sich aufgrund von neu erlassenen Bestimmungen des Bundesrates sowie Empfehlungen des ED\u00d6B jederzeit \u00e4ndern. Deshalb ist es geboten, dass Sie diese Erkl\u00e4rung gelegentlich auf Aktualisierungen pr\u00fcfen.<\/p>\n<p>JayBee AG<\/p>\n<h2>Mitarbeiter*innen<\/h2>\n<\/div>\n<h2>Datenschutzinformation<\/h2>\n<p>Datenschutzinformationen gem\u00e4ss Art. 19 Bundesgesetz \u00fcber den Datenschutz (DSG) vom 25. September 2020<\/p>\n<p>Ausgearbeitet am: 01.11.2023<br>Letzte Aktualisierung: 01.11.2023<\/p>\n<h2>Identit\u00e4t und Kontaktdaten des Verantwortlichen<\/h2>\n<p>JayBee AG, Industriestrasse 22, 6300 Zug, Telefon: +41 41 244 20 40, E-Mail: info@jaybeeconsulting.ch<\/p>\n<h2>Bearbeitungszweck<\/h2>\n<p>F\u00fcr die:<\/p>\n<ul>\n<li>Aufnahme, Beendigung und Durchf\u00fchrung des Besch\u00e4ftigungsverh\u00e4ltnisses<\/li>\n<li>Auszahlung des Lohnes<\/li>\n<li>Abf\u00fchrung von Sozialabgaben und Steuern<\/li>\n<li>Erf\u00fcllung von gesetzlichen Vorgaben<\/li>\n<li>Geltendmachung von Anspr\u00fcchen<\/li>\n<li>Auffindbarkeit der Mitarbeiter \u00fcber die Unternehmenswebseite<\/li>\n<\/ul>\n<p>bearbeiten wir Ihre Personendaten.<\/p>\n<p>Dabei handelt es sich um folgende Datenkategorien:<\/p>\n<ul>\n<li>Stammdaten (z.B. Name, Nachname, Geburtsdatum und Geburtsort, Adresse, Telefon, E-Mail, Telefonnummer, Notfallkontakt)<\/li>\n<li>Informationen f\u00fcr die Lohnabrechnung sowie Erstellung der Entgeltabrechnung (z.B. Arbeitsvertrag, Brutto- und Nettolohn, geleistete Arbeitszeit, Zulagen, Spesen, Zuschl\u00e4ge und Lohnabz\u00fcge, Ferien, Informationen zu den Sozialversicherungsbeitr\u00e4gen und der Quellensteuer, Gehaltsnebenleistungen, Pensionskasse, Zusatzversicherungen, Bankverbindung)<\/li>\n<li>Log-Informationen aus dem IT-System<\/li>\n<li>Strafregisterauszug sowie Betreibungsauszug<\/li>\n<li>sowie weitere Informationen welche f\u00fcr die Personalverwaltung erforderlich sind (z.B. Besuchte Weiterbildungen, Zwischenzeugnis, Arbeitssicherheit)<\/li>\n<\/ul>\n<h2>Kategorien von Empf\u00e4ngern<\/h2>\n<p>Folgenden Kategorien von Empf\u00e4ngern werden die Personendaten bekanntgegeben:<\/p>\n<ul>\n<li>Eidgen\u00f6ssische und kantonale Beh\u00f6rden<\/li>\n<li>Ausgleichskasse<\/li>\n<li>Unfallversicherung<\/li>\n<li>Krankentaggeldversicherung<\/li>\n<li>Pensionskasse<\/li>\n<li>Versicherungsbroker<\/li>\n<li>Anbieter von IT-Dienstleistungen<\/li>\n<\/ul>\n<p>Alle Empf\u00e4nger wurden sorgf\u00e4ltig ausgew\u00e4hlt und gem\u00e4ss Art 9 DSG vertraglich beauftragt. Sie sind an unsere Weisungen gebunden, verf\u00fcgen \u00fcber geeignete technische und organisatorische Massnahmen und werden regelm\u00e4ssig \u00fcberpr\u00fcft.<\/p>\n<p>Dar\u00fcber hinaus kann eine Weitergabe bei beh\u00f6rdlichen Anfragen oder Rechtsverfahren erfolgen, wenn dies zwingend erforderlich ist.<\/p>\n<h2>Bekanntgabe von Personendaten im Ausland<\/h2>\n<p>Bei der Bearbeitung Ihrer Daten k\u00f6nnen diese auch ins Ausland \u00fcbermittelt werden, z.B.<\/p>\n<ul>\n<li>F\u00fcr die Nutzung von Cloud-L\u00f6sungen<\/li>\n<\/ul>\n<p>Ihre Daten k\u00f6nnen daher weltweit bearbeitet werden, auch ausserhalb der Schweiz oder der EU bzw. des Europ\u00e4ischen Wirtschaftsraums (d.h. auch in sogenannten Drittstaaten). Wir treffen deshalb die gesetzlich geforderten Massnahmen, um das Risiko staatlicher, durch ausl\u00e4ndische Gesetzgebung autorisierter Zugriffe im Ausland zu reduzieren.<\/p>\n<h2>Ihre Rechte<\/h2>\n<p>Sie haben das Recht, jederzeit unentgeltlich Auskunft \u00fcber die Bearbeitung Ihrer personenbezogenen Daten zu verlangen. Weitere Rechte wie das Recht auf Datenl\u00f6schung, Datenberichtigung, Einschr\u00e4nkung der Datenbearbeitung und das Recht auf Daten\u00fcbertragung bestehen im gesetzlich vorgeschriebenen Rahmen.<\/p>\n<p>Zudem verf\u00fcgen Sie \u00fcber ein Beschwerderecht bei einer zust\u00e4ndigen Aufsichtsbeh\u00f6rde. Die zust\u00e4ndige Aufsichtsbeh\u00f6rde f\u00fcr den Datenschutz in der Schweiz ist der Eidgen\u00f6ssische Datenschutz- und \u00d6ffentlichkeitsbeauftragte (ED\u00d6B).<\/p>\n<h2>Aus\u00fcbung der Rechte<\/h2>\n<p>F\u00fcr die Aus\u00fcbung Ihrer Rechte kontaktieren Sie uns bitte per E-Mail oder Post. Wir werden Ihnen fristgerecht antworten.<\/p>\n<div class=\"footer\">\n<p>Hinweis: Diese Datenschutzerkl\u00e4rung kann sich aufgrund von neu erlassenen Bestimmungen des Bundesrates sowie Empfehlungen des ED\u00d6B jederzeit \u00e4ndern. Deshalb ist es geboten, dass Sie diese Erkl\u00e4rung gelegentlich auf Aktualisierungen pr\u00fcfen.<\/p>\n<p>JayBee AG<\/p>\n<h2>Webseitenbesucher*innen<\/h2>\n<\/div>\n<h2>Datenschutzinformation Webseitenbesucher*innen<\/h2>\n<div class=\"info\">\n<p>Datenschutzinformationen gem\u00e4ss Art. 19 Bundesgesetz \u00fcber den Datenschutz (DSG) vom 25. September 2020<\/p>\n<p>Ausgearbeitet am: 01.11.2023<\/p>\n<p>Letzte Aktualisierung: 31.07.2024<\/p>\n<\/div>\n<h2>Identit\u00e4t und Kontaktdaten des Verantwortlichen<\/h2>\n<p>JayBee AG, Industriestrasse 22, 6300 Zug, Telefon: +41 41 244 20 40, E-Mail: info@jaybeeconsulting.ch<\/p>\n<h2>Kontaktdaten des Datenschutzberaters<\/h2>\n<p>Wir haben keinen Datenschutzberater ernannt. F\u00fcr Fragen zum Thema Datenschutz oder die Aus\u00fcbung Ihrer Rechte, k\u00f6nnen Sie uns jederzeit an der oben angegebenen Adresse kontaktieren.<\/p>\n<h2>Bearbeitungszweck<\/h2>\n<h3>a) Bereitstellung der Webseite<\/h3>\n<p>F\u00fcr die Bereitstellung der Webseite bearbeiten wir Daten wie die IP-Adresse, Datum und Uhrzeit der erhaltenen Anfrage, \u00fcbertragene Datenmengen, Informationen zum Browser (Version und Sprache) sowie Informationen zum Betriebssystem. Die Bearbeitung dieser Daten ist erforderlich, um Ihnen diese Internetseite anzuzeigen, sowie deren Sicherheit und Stabilit\u00e4t zu gew\u00e4hrleisten.<\/p>\n<h3>b) Entgegennahme von Anfragen \u00fcber das Kontaktformular<\/h3>\n<p>Bei Anliegen oder Fragen k\u00f6nnen Sie \u00fcber das vorgefertigte Formular mit uns in Kontakt treten. Dabei bearbeiten wir Informationen wie Themenbereich, Namen und Vornamen, E-Mail sowie den Inhalt der Nachricht.<\/p>\n<h3>c) Bereitstellung der Schriftarten<\/h3>\n<p>Diese Seite nutzt zur Darstellung von Schriftarten so genannte Fonts, die von Google zur Verf\u00fcgung gestellt werden. Die Google Fonts sind lokal installiert. Eine Verbindung zu Servern von Google findet dabei nicht statt. Weitere Informationen zu Google Fonts finden Sie unter <a href=\"https:\/\/developers.google.com\/fonts\/faq\" rel=\"noopener\">https:\/\/developers.google.com\/fonts\/faq<\/a> und in der Datenschutzerkl\u00e4rung von Google: <a href=\"https:\/\/policies.google.com\/privacy?hl=de\" rel=\"noopener\">https:\/\/policies.google.com\/privacy?hl=de<\/a>.<\/p>\n<h2>Kategorien von Empf\u00e4ngern<\/h2>\n<p>Folgenden Kategorien von Empf\u00e4ngern werden die Personendaten bekanntgegeben:<\/p>\n<ul>\n<li>Anbieter des Webseiten-Hostings<\/li>\n<li>Anbieter von Web-Analyse und Tracking-Tools<\/li>\n<li>IT-Dienstleister oder Webagenturen<\/li>\n<li>Anbieter von E-Mail-Versand Programmen<\/li>\n<li>Anbieter von digitalen Landkarten<\/li>\n<li>Zahlungsdienstleister (Stripe, PayPal)<\/li>\n<\/ul>\n<p>Dar\u00fcber hinaus kann eine Weitergabe bei beh\u00f6rdlichen Anfragen oder Rechtsverfahren erfolgen, wenn dies zwingend erforderlich ist.<\/p>\n<h2>Bekanntgabe von Personendaten im Ausland<\/h2>\n<p>Bei der Bearbeitung Ihrer Personendaten k\u00f6nnen diese im Rahmen der Nutzung unserer Website auch an Dritte im Ausland \u00fcbermittelt werden. Personendaten k\u00f6nnen daher weltweit bearbeitet werden, auch ausserhalb der Schweiz oder der EU bzw. des Europ\u00e4ischen Wirtschaftsraums (d.h. auch in sogenannten Drittstaaten wie z.B. den USA).<\/p>\n<p>Wir haben deshalb entsprechende Vorkehrungen getroffen, um ein angemessenes Datenschutzniveau f\u00fcr etwaige Daten\u00fcbertragungen zu gew\u00e4hrleisten. Die Bearbeitung erfolgt z.B. auf Grundlage der unterzeichneten Standardvertragsklauseln (Beschluss 2021\/914\/EU &#8211; Standard Contractual Clauses \u2013 SCC) bzw. dem Data Privacy Framework.<\/p>\n<h2>Ihre Rechte<\/h2>\n<p>Sie haben das Recht, jederzeit unentgeltlich Auskunft \u00fcber die Bearbeitung Ihrer personenbezogenen Daten zu verlangen. Weitere Rechte wie das Recht auf Datenl\u00f6schung, Datenberichtigung, Einschr\u00e4nkung der Datenbearbeitung und das Recht auf Daten\u00fcbertragung bestehen im gesetzlich vorgeschriebenen Rahmen.<\/p>\n<p>Zudem verf\u00fcgen Sie \u00fcber ein Beschwerderecht bei einer zust\u00e4ndigen Aufsichtsbeh\u00f6rde. Die zust\u00e4ndige Aufsichtsbeh\u00f6rde f\u00fcr den Datenschutz in der Schweiz ist der Eidgen\u00f6ssische Datenschutz- und \u00d6ffentlichkeitsbeauftragte (ED\u00d6B).<\/p>\n<h2>Aus\u00fcbung der Rechte<\/h2>\n<p>F\u00fcr die Aus\u00fcbung Ihrer Rechte kontaktieren Sie uns bitte mittels E-Mail oder Telefon. Wir werden Ihnen fristgerecht antworten.<\/p>\n<h2>Automatisierte Einzelentscheidung<\/h2>\n<p>Diese Webseite f\u00fchrt keine automatisierten Bearbeitungen durch, die mit einer Rechtsfolge f\u00fcr die betroffene Person verbunden sind.<\/p>\n<h2>Hinweis \u00fcber die Verwendung von Cookies gem\u00e4ss Art. 45c lit. b des Fernmeldegesetzes (FMG)<\/h2>\n<p>Auf dieser Webseite werden Cookies eingesetzt, um Informationen zur Nutzung zu sammeln. Sie k\u00f6nnen die Bearbeitung wie unten beschrieben ablehnen.<\/p>\n<h3>Speicherdauer der Cookies<\/h3>\n<p>Entfernen Sie die Cookies nicht eigenst\u00e4ndig, werden diese wie folgt gel\u00f6scht:<\/p>\n<p><strong>F\u00fcr die Sitzungsdauer:<\/strong><\/p>\n<p>wp-wpml_current_language: Dieses Cookie speichert die Spracheinstellung f\u00fcr die Webseite.<\/p>\n<h3>L\u00f6schung von Cookies<\/h3>\n<p>Cookies k\u00f6nnen Sie jederzeit in Ihrem Browser (Google Chrome, Mozilla Firefox, Microsoft Internet Explorer, Safari usw.) l\u00f6schen. Ausserdem k\u00f6nnen Sie Programme wie CCleaner verwenden, um den Verlauf besuchter Webseiten zu entfernen.<\/p>\n<h3>\u00c4nderung der Einstellung<\/h3>\n<p>Die individuellen Einstellungen zu den Cookies k\u00f6nnen Sie nach der L\u00f6schung der bereits gespeicherten Cookies beim erneuten Seitenaufruf nach Belieben \u00e4ndern.<\/p>\n<p><em>Hinweis: Dies Datenschutzerkl\u00e4rung kann sich aufgrund von neu erlassenen Bestimmungen des Bundesrates sowie Empfehlungen des ED\u00d6B jederzeit \u00e4ndern. Deshalb ist es geboten, dass Sie diese Erkl\u00e4rung gelegentlich auf Aktualisierungen pr\u00fcfen.<\/em><\/p>\n<p><strong>JayBee AG<\/strong><\/p>\t\t\t\t\t\t\t\t<\/div>\n\t\t\t\t<\/div>\n\t\t\t\t\t<\/div>\n\t\t<\/div>\n\t\t\t\t\t<\/div>\n\t\t<\/section>\n\t\t\t\t<\/div>\n\t\t","protected":false},"excerpt":{"rendered":"<p>Datenschutzbestimmungen Einf\u00fchrung Wir, die JayBee AG (nachfolgend &#8222;JayBee&#8220; \/ &#8222;wir&#8220;), nehmen den Schutz Ihrer pers\u00f6nlichen Daten ernst und m\u00f6chten Sie im Folgenden mit dieser Datenschutzerkl\u00e4rung \u00fcber den Datenschutz in unserem Unternehmen informieren. Durch die Einf\u00fchrung der Europ\u00e4ischen Datenschutzgrundverordnung (nachfolgend &#8222;EU-GDPR&#8220;) haben wir im Rahmen unserer datenschutzrechtlichen Verantwortlichkeiten zus\u00e4tzliche Pflichten zur Sicherstellung des Schutzes personenbezogener Daten [&hellip;]<\/p>\n","protected":false},"author":4,"featured_media":0,"parent":0,"menu_order":0,"comment_status":"closed","ping_status":"closed","template":"","meta":{"footnotes":""},"class_list":["post-5797","page","type-page","status-publish","hentry"],"_links":{"self":[{"href":"https:\/\/jaybeeconsulting.ch\/de\/wp-json\/wp\/v2\/pages\/5797","targetHints":{"allow":["GET"]}}],"collection":[{"href":"https:\/\/jaybeeconsulting.ch\/de\/wp-json\/wp\/v2\/pages"}],"about":[{"href":"https:\/\/jaybeeconsulting.ch\/de\/wp-json\/wp\/v2\/types\/page"}],"author":[{"embeddable":true,"href":"https:\/\/jaybeeconsulting.ch\/de\/wp-json\/wp\/v2\/users\/4"}],"replies":[{"embeddable":true,"href":"https:\/\/jaybeeconsulting.ch\/de\/wp-json\/wp\/v2\/comments?post=5797"}],"version-history":[{"count":24,"href":"https:\/\/jaybeeconsulting.ch\/de\/wp-json\/wp\/v2\/pages\/5797\/revisions"}],"predecessor-version":[{"id":8623,"href":"https:\/\/jaybeeconsulting.ch\/de\/wp-json\/wp\/v2\/pages\/5797\/revisions\/8623"}],"wp:attachment":[{"href":"https:\/\/jaybeeconsulting.ch\/de\/wp-json\/wp\/v2\/media?parent=5797"}],"curies":[{"name":"wp","href":"https:\/\/api.w.org\/{rel}","templated":true}]}}